{"id":10,"date":"2022-11-14T17:11:14","date_gmt":"2022-11-14T22:11:14","guid":{"rendered":"https:\/\/fodepa.com.co\/?page_id=10"},"modified":"2024-02-14T12:51:32","modified_gmt":"2024-02-14T17:51:32","slug":"contactenos","status":"publish","type":"page","link":"https:\/\/fodepa.com.co\/index.php\/contactenos\/","title":{"rendered":"Cont\u00e1ctenos"},"content":{"rendered":"\n<p class=\"has-black-color has-text-color has-source-serif-pro-font-family has-medium-font-size\"><strong>Direcci\u00f3n:<\/strong> Carrrera 65 # 59a 110 casa 4 Universidad Nacional de Colombia Sede Medellin.<\/p>\n\n\n\n<p class=\"has-black-color has-text-color has-source-serif-pro-font-family has-medium-font-size\"><strong>Tel\u00e9fono:<\/strong> +576044309000 ext 46405<\/p>\n\n\n\n<p class=\"has-black-color has-text-color has-source-serif-pro-font-family has-medium-font-size\"><strong>Correo electr\u00f3nico:<\/strong> fodepa_med@unal.edu.co; fodepaunalmed@gmail.com<\/p>\n\n\n\n<p class=\"has-black-color has-text-color has-source-serif-pro-font-family has-medium-font-size\"><strong>M\u00f3vil: <\/strong>+573508196302<\/p>\n\n\n\n<p class=\"has-black-color has-text-color has-source-serif-pro-font-family has-medium-font-size\"><strong>WhatsApp Corporativo:<\/strong> +573508196302<\/p>\n","protected":false},"excerpt":{"rendered":"<p>Direcci\u00f3n: Carrrera 65 # 59a 110 casa 4 Universidad Nacional de Colombia Sede Medellin. Tel\u00e9fono: +576044309000 ext 46405 Correo electr\u00f3nico: fodepa_med@unal.edu.co; fodepaunalmed@gmail.com M\u00f3vil: +573508196302 WhatsApp Corporativo: +573508196302<\/p>\n","protected":false},"author":1,"featured_media":0,"parent":0,"menu_order":0,"comment_status":"closed","ping_status":"closed","template":"","meta":{"footnotes":""},"class_list":["post-10","page","type-page","status-publish","hentry"],"_links":{"self":[{"href":"https:\/\/fodepa.com.co\/index.php\/wp-json\/wp\/v2\/pages\/10","targetHints":{"allow":["GET"]}}],"collection":[{"href":"https:\/\/fodepa.com.co\/index.php\/wp-json\/wp\/v2\/pages"}],"about":[{"href":"https:\/\/fodepa.com.co\/index.php\/wp-json\/wp\/v2\/types\/page"}],"author":[{"embeddable":true,"href":"https:\/\/fodepa.com.co\/index.php\/wp-json\/wp\/v2\/users\/1"}],"replies":[{"embeddable":true,"href":"https:\/\/fodepa.com.co\/index.php\/wp-json\/wp\/v2\/comments?post=10"}],"version-history":[{"count":8,"href":"https:\/\/fodepa.com.co\/index.php\/wp-json\/wp\/v2\/pages\/10\/revisions"}],"predecessor-version":[{"id":398,"href":"https:\/\/fodepa.com.co\/index.php\/wp-json\/wp\/v2\/pages\/10\/revisions\/398"}],"wp:attachment":[{"href":"https:\/\/fodepa.com.co\/index.php\/wp-json\/wp\/v2\/media?parent=10"}],"curies":[{"name":"wp","href":"https:\/\/api.w.org\/{rel}","templated":true}]}}