{"id":115,"date":"2023-01-04T19:29:17","date_gmt":"2023-01-05T00:29:17","guid":{"rendered":"https:\/\/fodepa.com.co\/?page_id=115"},"modified":"2023-03-12T20:30:23","modified_gmt":"2023-03-13T01:30:23","slug":"inicio","status":"publish","type":"page","link":"https:\/\/fodepa.com.co\/","title":{"rendered":"Inicio"},"content":{"rendered":"\n<h1 class=\"wp-block-heading\"><strong>\u00bfQui\u00e9nes somos?<\/strong><\/h1>\n\n\n\n<p>EL FONDO DE EMPLEADOS PUBLICOS ADMINISTRATIVOS DE LA UNIVERSIDAD NACIONAL, se identifica con la sigla \u201cFODEPA\u201d, es una empresa asociativa, de derecho privado sin \u00e1nimo de lucro, cuya organizaci\u00f3n se encuentra bajo la inspecci\u00f3n, vigilancia, de la superintendencia de econom\u00eda solidaria y las dem\u00e1s disposiciones legales vigentes y en especial por la legislaci\u00f3n colombiana y los estatutos actuales de la entidad.<\/p>\n\n\n\n<h2 class=\"wp-block-heading\"><strong>Misi\u00f3n<\/strong><\/h2>\n\n\n\n<p>Fomentar el ahorro y el cr\u00e9dito bajo el concepto solidario, e idear alianzas estrat\u00e9gicas con empresas prestadoras de servicios. Mejorar el bienestar, la calidad de vida, el rendimiento econ\u00f3mico, las actividades sociales, culturales y de recreaci\u00f3n de los Empleados P\u00fablicos Administrativos Activos (Asociados a FODEPA) y pensionados (aquellos que se pensionen siendo asociados al fondo) de la Universidad Nacional de Colombia en todas sus sedes, extendiendo los beneficios a toda la familia de nuestros asociados.<\/p>\n\n\n\n<h2 class=\"wp-block-heading\"><strong>Visi\u00f3n<\/strong><\/h2>\n\n\n\n<p> FODEPA en el 2025, tendr\u00e1 sedes en donde haga presencia la Universida Nacional de Colombia y ser\u00e1 reconocido como el principal proveedor de bienestar, ahorro y cr\u00e9ditos con las tasas m\u00e1s bajas del mercado, mejorando la calidad de vida de los asociados y su grupo familiar a partir de su mejoramiento continuo de los servicios, manteniendo su gesti\u00f3n basada en valores y principios solidarios.<\/p>\n\n\n\n<h2 class=\"wp-block-heading\"><strong>Principios y Valores<\/strong><\/h2>\n\n\n\n<div class=\"wp-block-columns is-layout-flex wp-container-core-columns-is-layout-28f84493 wp-block-columns-is-layout-flex\">\n<div class=\"wp-block-column is-layout-flow wp-block-column-is-layout-flow\" style=\"flex-basis:100%\">\n<ul class=\"wp-block-list\">\n<li><strong>SOLIDARIDAD:<\/strong> Promover el trabajo en equipo, que integran al asociado y a su familia con ayuda mutua en situaciones dif\u00edciles, con sentimiento<br>colectivo promoviendo el bien com\u00fan.<\/li>\n\n\n\n<li><strong>RESPETO: <\/strong>Ofrecer un buen trato independiente de su credo, raza, pensamiento, orientaci\u00f3n sexual.<\/li>\n\n\n\n<li><strong>LEALTAD:<\/strong> Garantizar el cumplimento de los derechos de los asociados seg\u00fan los estatutos vigentes, la constituci\u00f3n y la ley.<\/li>\n\n\n\n<li><strong>CONFIDENCIALIDAD: <\/strong>Garantizar la reserva y la confidencialidad del acceso a la informaci\u00f3n de los asociados.<\/li>\n\n\n\n<li><strong>EQUIDAD:<\/strong> Reconocer a cada asociado del fondo, lo que le corresponde seg\u00fan criterio ciertos y razonables.<\/li>\n\n\n\n<li><strong>DEMOCRACIA: <\/strong>Fomentar que sus asociados sean tratados como la emana el estatuto de la entidad y nuestra constituci\u00f3n pol\u00edtica.<\/li>\n\n\n\n<li><strong>COMPROMISO:<\/strong> Mantener estrategias que conlleven al cumplimiento de la misi\u00f3n, visi\u00f3n, objetivos y metas planteadas en el tiempo acordado.<\/li>\n\n\n\n<li><strong>CREATIVIDAD: <\/strong>Fomentar la creaci\u00f3n de paradigmas de emprendimiento social, que generen nuevas fuente de recursos econ\u00f3micas.<\/li>\n\n\n\n<li><strong>HONESTIDAD<\/strong>: Ofrecer un servicio con transparencia, cumpliendo con las responsabilidades asignadas en el uso de la informaci\u00f3n, de los recursos materiales y financieros.<\/li>\n<\/ul>\n<\/div>\n<\/div>\n","protected":false},"excerpt":{"rendered":"<p>\u00bfQui\u00e9nes somos? EL FONDO DE EMPLEADOS PUBLICOS ADMINISTRATIVOS DE LA UNIVERSIDAD NACIONAL, se identifica con la sigla \u201cFODEPA\u201d, es una empresa asociativa, de derecho privado sin \u00e1nimo de lucro, cuya organizaci\u00f3n se encuentra bajo la inspecci\u00f3n, vigilancia, de la superintendencia<\/p>\n","protected":false},"author":1,"featured_media":0,"parent":0,"menu_order":0,"comment_status":"closed","ping_status":"closed","template":"","meta":{"footnotes":""},"class_list":["post-115","page","type-page","status-publish","hentry"],"_links":{"self":[{"href":"https:\/\/fodepa.com.co\/index.php\/wp-json\/wp\/v2\/pages\/115","targetHints":{"allow":["GET"]}}],"collection":[{"href":"https:\/\/fodepa.com.co\/index.php\/wp-json\/wp\/v2\/pages"}],"about":[{"href":"https:\/\/fodepa.com.co\/index.php\/wp-json\/wp\/v2\/types\/page"}],"author":[{"embeddable":true,"href":"https:\/\/fodepa.com.co\/index.php\/wp-json\/wp\/v2\/users\/1"}],"replies":[{"embeddable":true,"href":"https:\/\/fodepa.com.co\/index.php\/wp-json\/wp\/v2\/comments?post=115"}],"version-history":[{"count":8,"href":"https:\/\/fodepa.com.co\/index.php\/wp-json\/wp\/v2\/pages\/115\/revisions"}],"predecessor-version":[{"id":296,"href":"https:\/\/fodepa.com.co\/index.php\/wp-json\/wp\/v2\/pages\/115\/revisions\/296"}],"wp:attachment":[{"href":"https:\/\/fodepa.com.co\/index.php\/wp-json\/wp\/v2\/media?parent=115"}],"curies":[{"name":"wp","href":"https:\/\/api.w.org\/{rel}","templated":true}]}}